{"id":16885,"date":"2026-02-19T17:17:11","date_gmt":"2026-02-19T17:17:11","guid":{"rendered":"https:\/\/www.mr-shop.net\/?post_type=product&#038;p=16885"},"modified":"2026-02-23T13:17:47","modified_gmt":"2026-02-23T13:17:47","slug":"r-aa-618","status":"publish","type":"product","link":"https:\/\/www.mr-shop.net\/de\/produkt\/r-aa-618\/","title":{"rendered":"R.AA.618"},"content":{"rendered":"<p>Der Duft er\u00f6ffnet mit Pfirsich- und Apfelbl\u00fcte; die Herznote besteht aus Ananasbl\u00fcte; und die Basisnote aus Wildrose, Moschus und Patschuli.<\/p>\n<div class=\"perfume-accords-wrapper\" style=\"width:100%;margin-top:10px;\">\n<div style=\"width:50%;margin:0 auto;background:#fff;border-radius:8px;overflow:hidden;\">\n<div style=\"width:100%;height:18px;position:relative;\">\n<div style=\"width:100%;height:100%;background:#F472B6;border-radius:12px;\"><\/div>\n<div style=\"position:absolute;inset:0;display:flex;align-items:center;padding:0px 12px 0px 12px;font-size:11px;font-weight:bold;color:#fff;text-shadow:-1px -1px 0 #000,1px -1px 0 #000,-1px 1px 0 #000,1px 1px 0 #000;\">fruchtig<\/div>\n<\/div>\n<div style=\"width:100%;height:18px;position:relative;\">\n<div style=\"width:94%;height:100%;background:#FF5C8A;border-radius:12px;\"><\/div>\n<div style=\"position:absolute;inset:0;display:flex;align-items:center;padding:0px 12px 0px 12px;font-size:11px;font-weight:bold;color:#fff;text-shadow:-1px -1px 0 #000,1px -1px 0 #000,-1px 1px 0 #000,1px 1px 0 #000;\">Rosa<\/div>\n<\/div>\n<div style=\"width:100%;height:18px;position:relative;\">\n<div style=\"width:88%;height:100%;background:#94A3B8;border-radius:12px;\"><\/div>\n<div style=\"position:absolute;inset:0;display:flex;align-items:center;padding:0px 12px 0px 12px;font-size:11px;font-weight:bold;color:#fff;text-shadow:-1px -1px 0 #000,1px -1px 0 #000,-1px 1px 0 #000,1px 1px 0 #000;\">Rose<\/div>\n<\/div>\n<div style=\"width:100%;height:18px;position:relative;\">\n<div style=\"width:82%;height:100%;background:#C084FC;border-radius:12px;\"><\/div>\n<div style=\"position:absolute;inset:0;display:flex;align-items:center;padding:0px 12px 0px 12px;font-size:11px;font-weight:bold;color:#fff;text-shadow:-1px -1px 0 #000,1px -1px 0 #000,-1px 1px 0 #000,1px 1px 0 #000;\">moschusartig<\/div>\n<\/div>\n<div style=\"width:100%;height:18px;position:relative;\">\n<div style=\"width:76%;height:100%;background:#A8A29E;border-radius:12px;\"><\/div>\n<div style=\"position:absolute;inset:0;display:flex;align-items:center;padding:0px 12px 0px 12px;font-size:11px;font-weight:bold;color:#fff;text-shadow:-1px -1px 0 #000,1px -1px 0 #000,-1px 1px 0 #000,1px 1px 0 #000;\">glatt<\/div>\n<\/div>\n<div style=\"width:100%;height:18px;position:relative;\">\n<div style=\"width:70%;height:100%;background:#78716C;border-radius:12px;\"><\/div>\n<div style=\"position:absolute;inset:0;display:flex;align-items:center;padding:0px 12px 0px 12px;font-size:11px;font-weight:bold;color:#fff;text-shadow:-1px -1px 0 #000,1px -1px 0 #000,-1px 1px 0 #000,1px 1px 0 #000;\">Patchouli<\/div>\n<\/div>\n<div style=\"width:100%;height:18px;position:relative;\">\n<div style=\"width:64%;height:100%;background:#FB7185;border-radius:12px;\"><\/div>\n<div style=\"position:absolute;inset:0;display:flex;align-items:center;padding:0px 12px 0px 12px;font-size:11px;font-weight:bold;color:#fff;text-shadow:-1px -1px 0 #000,1px -1px 0 #000,-1px 1px 0 #000,1px 1px 0 #000;\">s\u00fc\u00df<\/div>\n<\/div>\n<div style=\"width:100%;height:18px;position:relative;\">\n<div style=\"width:58%;height:100%;background:#8B5A2B;border-radius:12px;\"><\/div>\n<div style=\"position:absolute;inset:0;display:flex;align-items:center;padding:0px 12px 0px 12px;font-size:11px;font-weight:bold;color:#fff;text-shadow:-1px -1px 0 #000,1px -1px 0 #000,-1px 1px 0 #000,1px 1px 0 #000;\">Holz<\/div>\n<\/div>\n<div style=\"width:100%;height:18px;position:relative;\">\n<div style=\"width:52%;height:100%;background:#EA580C;border-radius:12px;\"><\/div>\n<div style=\"position:absolute;inset:0;display:flex;align-items:center;padding:0px 12px 0px 12px;font-size:11px;font-weight:bold;color:#fff;text-shadow:-1px -1px 0 #000,1px -1px 0 #000,-1px 1px 0 #000,1px 1px 0 #000;\">warme Jahreszeit<\/div>\n<\/div>\n<div style=\"width:100%;height:18px;position:relative;\">\n<div style=\"width:46%;height:100%;background:#78350F;border-radius:12px;\"><\/div>\n<div style=\"position:absolute;inset:0;display:flex;align-items:center;padding:0px 12px 0px 12px;font-size:11px;font-weight:bold;color:#fff;text-shadow:-1px -1px 0 #000,1px -1px 0 #000,-1px 1px 0 #000,1px 1px 0 #000;\">erdig<\/div>\n<\/div>\n<div style=\"width:100%;height:18px;position:relative;\">\n<div style=\"width:40%;height:100%;background:#FF5C8A;border-radius:12px;\"><\/div>\n<div style=\"position:absolute;inset:0;display:flex;align-items:center;padding:0px 12px 0px 12px;font-size:11px;font-weight:bold;color:#fff;text-shadow:-1px -1px 0 #000,1px -1px 0 #000,-1px 1px 0 #000,1px 1px 0 #000;\">Ein orientalisch-blumiger Duft f\u00fcr Damen und Herren.<\/div>\n<\/div>\n<\/div>\n<\/div>","protected":false},"excerpt":{"rendered":"<p>Der Duft er\u00f6ffnet mit Pfirsich- und Apfelbl\u00fcte; die Herznote besteht aus Ananasbl\u00fcte; und die Basisnote aus Wildrose, Moschus und Patschuli.<\/p>","protected":false},"featured_media":9679,"comment_status":"open","ping_status":"closed","template":"","meta":[],"product_brand":[],"product_cat":[764,760],"product_tag":[225,193,217,187,181,179,245,211,221,195,243],"class_list":{"0":"post-16885","1":"product","2":"type-product","3":"status-publish","4":"has-post-thumbnail","6":"product_cat-764","7":"product_cat-760","8":"product_tag-225","9":"product_tag-193","10":"product_tag-217","11":"product_tag-187","12":"product_tag-181","13":"product_tag-179","14":"product_tag-245","15":"product_tag-211","16":"product_tag-221","17":"product_tag-195","18":"product_tag-243","20":"first","21":"instock","22":"featured","23":"taxable","24":"shipping-taxable","25":"purchasable","26":"product-type-variable"},"jetpack_sharing_enabled":true,"_links":{"self":[{"href":"https:\/\/www.mr-shop.net\/de\/wp-json\/wp\/v2\/product\/16885","targetHints":{"allow":["GET"]}}],"collection":[{"href":"https:\/\/www.mr-shop.net\/de\/wp-json\/wp\/v2\/product"}],"about":[{"href":"https:\/\/www.mr-shop.net\/de\/wp-json\/wp\/v2\/types\/product"}],"replies":[{"embeddable":true,"href":"https:\/\/www.mr-shop.net\/de\/wp-json\/wp\/v2\/comments?post=16885"}],"wp:featuredmedia":[{"embeddable":true,"href":"https:\/\/www.mr-shop.net\/de\/wp-json\/wp\/v2\/media\/9679"}],"wp:attachment":[{"href":"https:\/\/www.mr-shop.net\/de\/wp-json\/wp\/v2\/media?parent=16885"}],"wp:term":[{"taxonomy":"product_brand","embeddable":true,"href":"https:\/\/www.mr-shop.net\/de\/wp-json\/wp\/v2\/product_brand?post=16885"},{"taxonomy":"product_cat","embeddable":true,"href":"https:\/\/www.mr-shop.net\/de\/wp-json\/wp\/v2\/product_cat?post=16885"},{"taxonomy":"product_tag","embeddable":true,"href":"https:\/\/www.mr-shop.net\/de\/wp-json\/wp\/v2\/product_tag?post=16885"}],"curies":[{"name":"wp","href":"https:\/\/api.w.org\/{rel}","templated":true}]}}