{"id":16857,"date":"2026-02-19T17:17:04","date_gmt":"2026-02-19T17:17:04","guid":{"rendered":"https:\/\/www.mr-shop.net\/?post_type=product&#038;p=16857"},"modified":"2026-02-21T17:44:28","modified_gmt":"2026-02-21T17:44:28","slug":"r-aa-612","status":"publish","type":"product","link":"https:\/\/www.mr-shop.net\/de\/produkt\/r-aa-612\/","title":{"rendered":"R.AA.612"},"content":{"rendered":"<div class=\"perfume-accords-wrapper\" style=\"width:100%;margin-top:10px;\">\n<div style=\"width:50%;margin:0 auto;background:#fff;border-radius:8px;overflow:hidden;\">\n<div style=\"width:100%;height:18px;position:relative;\">\n<div style=\"width:100%;height:100%;background:#22C55E;border-radius:12px;\"><\/div>\n<div style=\"position:absolute;inset:0;display:flex;align-items:center;padding:0px 12px 0px 12px;font-size:11px;font-weight:bold;color:#fff;text-shadow:-1px -1px 0 #000,1px -1px 0 #000,-1px 1px 0 #000,1px 1px 0 #000;\">erfrischende Gew\u00fcrze<\/div>\n<\/div>\n<div style=\"width:100%;height:18px;position:relative;\">\n<div style=\"width:94%;height:100%;background:#8B5A2B;border-radius:12px;\"><\/div>\n<div style=\"position:absolute;inset:0;display:flex;align-items:center;padding:0px 12px 0px 12px;font-size:11px;font-weight:bold;color:#fff;text-shadow:-1px -1px 0 #000,1px -1px 0 #000,-1px 1px 0 #000,1px 1px 0 #000;\">Holz<\/div>\n<\/div>\n<div style=\"width:100%;height:18px;position:relative;\">\n<div style=\"width:88%;height:100%;background:#C084FC;border-radius:12px;\"><\/div>\n<div style=\"position:absolute;inset:0;display:flex;align-items:center;padding:0px 12px 0px 12px;font-size:11px;font-weight:bold;color:#fff;text-shadow:-1px -1px 0 #000,1px -1px 0 #000,-1px 1px 0 #000,1px 1px 0 #000;\">moschusartig<\/div>\n<\/div>\n<div style=\"width:100%;height:18px;position:relative;\">\n<div style=\"width:82%;height:100%;background:#94A3B8;border-radius:12px;\"><\/div>\n<div style=\"position:absolute;inset:0;display:flex;align-items:center;padding:0px 12px 0px 12px;font-size:11px;font-weight:bold;color:#fff;text-shadow:-1px -1px 0 #000,1px -1px 0 #000,-1px 1px 0 #000,1px 1px 0 #000;\">Leder<\/div>\n<\/div>\n<div style=\"width:100%;height:18px;position:relative;\">\n<div style=\"width:76%;height:100%;background:#A8A29E;border-radius:12px;\"><\/div>\n<div style=\"position:absolute;inset:0;display:flex;align-items:center;padding:0px 12px 0px 12px;font-size:11px;font-weight:bold;color:#fff;text-shadow:-1px -1px 0 #000,1px -1px 0 #000,-1px 1px 0 #000,1px 1px 0 #000;\">glatt<\/div>\n<\/div>\n<div style=\"width:100%;height:18px;position:relative;\">\n<div style=\"width:70%;height:100%;background:#7C2D12;border-radius:12px;\"><\/div>\n<div style=\"position:absolute;inset:0;display:flex;align-items:center;padding:0px 12px 0px 12px;font-size:11px;font-weight:bold;color:#fff;text-shadow:-1px -1px 0 #000,1px -1px 0 #000,-1px 1px 0 #000,1px 1px 0 #000;\">Tier<\/div>\n<\/div>\n<div style=\"width:100%;height:18px;position:relative;\">\n<div style=\"width:64%;height:100%;background:#EA580C;border-radius:12px;\"><\/div>\n<div style=\"position:absolute;inset:0;display:flex;align-items:center;padding:0px 12px 0px 12px;font-size:11px;font-weight:bold;color:#fff;text-shadow:-1px -1px 0 #000,1px -1px 0 #000,-1px 1px 0 #000,1px 1px 0 #000;\">warme Jahreszeit<\/div>\n<\/div>\n<div style=\"width:100%;height:18px;position:relative;\">\n<div style=\"width:58%;height:100%;background:#78716C;border-radius:12px;\"><\/div>\n<div style=\"position:absolute;inset:0;display:flex;align-items:center;padding:0px 12px 0px 12px;font-size:11px;font-weight:bold;color:#fff;text-shadow:-1px -1px 0 #000,1px -1px 0 #000,-1px 1px 0 #000,1px 1px 0 #000;\">Patchouli<\/div>\n<\/div>\n<div style=\"width:100%;height:18px;position:relative;\">\n<div style=\"width:52%;height:100%;background:#F59E0B;border-radius:12px;\"><\/div>\n<div style=\"position:absolute;inset:0;display:flex;align-items:center;padding:0px 12px 0px 12px;font-size:11px;font-weight:bold;color:#fff;text-shadow:-1px -1px 0 #000,1px -1px 0 #000,-1px 1px 0 #000,1px 1px 0 #000;\">Bernstein<\/div>\n<\/div>\n<div style=\"width:100%;height:18px;position:relative;\">\n<div style=\"width:46%;height:100%;background:#1F2937;border-radius:12px;\"><\/div>\n<div style=\"position:absolute;inset:0;display:flex;align-items:center;padding:0px 12px 0px 12px;font-size:11px;font-weight:bold;color:#fff;text-shadow:-1px -1px 0 #000,1px -1px 0 #000,-1px 1px 0 #000,1px 1px 0 #000;\">Raucher<\/div>\n<\/div>\n<div style=\"width:100%;height:18px;position:relative;\">\n<div style=\"width:40%;height:100%;background:#94A3B8;border-radius:12px;\"><\/div>\n<div style=\"position:absolute;inset:0;display:flex;align-items:center;padding:0px 12px 0px 12px;font-size:11px;font-weight:bold;color:#fff;text-shadow:-1px -1px 0 #000,1px -1px 0 #000,-1px 1px 0 #000,1px 1px 0 #000;\">Ein orientalisch-w\u00fcrziger Duft f\u00fcr M\u00e4nner und Frauen<\/div>\n<\/div>\n<\/div>\n<\/div>","protected":false},"excerpt":{"rendered":"<p>\u062a\u0627\u0628\u0644\u064a \u0645\u0646\u0639\u0634 \u062e\u0634\u0628\u064a \u0645\u0633\u0643\u064a \u0627\u0644\u062c\u0644\u0648\u062f \u0646\u0627\u0639\u0645 \u062d\u064a\u0648\u0627\u0646\u064a \u062a\u0627\u0628\u0644\u064a \u062f\u0627\u0641\u0626 \u0627\u0644\u0628\u0627\u062a\u0634\u0648\u0644\u064a \u0627\u0644\u0639\u0646\u0628\u0631 \u0645\u062f\u062e\u0646 \u0639\u0637\u0631 \u0634\u0631\u0642\u064a &#8211; \u062d\u0627\u0631 \u0644\u0644\u062c\u0646\u0633\u064a\u0646<\/p>","protected":false},"featured_media":9673,"comment_status":"open","ping_status":"closed","template":"","meta":[],"product_brand":[],"product_cat":[764],"product_tag":[225,201,189,193,177,207,181,355,233,221,195],"class_list":{"0":"post-16857","1":"product","2":"type-product","3":"status-publish","4":"has-post-thumbnail","6":"product_cat-764","7":"product_tag-225","8":"product_tag-201","9":"product_tag-189","10":"product_tag-193","11":"product_tag-177","12":"product_tag-207","13":"product_tag-181","14":"product_tag-355","15":"product_tag-233","16":"product_tag-221","17":"product_tag-195","19":"first","20":"instock","21":"taxable","22":"shipping-taxable","23":"purchasable","24":"product-type-variable"},"jetpack_sharing_enabled":true,"_links":{"self":[{"href":"https:\/\/www.mr-shop.net\/de\/wp-json\/wp\/v2\/product\/16857","targetHints":{"allow":["GET"]}}],"collection":[{"href":"https:\/\/www.mr-shop.net\/de\/wp-json\/wp\/v2\/product"}],"about":[{"href":"https:\/\/www.mr-shop.net\/de\/wp-json\/wp\/v2\/types\/product"}],"replies":[{"embeddable":true,"href":"https:\/\/www.mr-shop.net\/de\/wp-json\/wp\/v2\/comments?post=16857"}],"wp:featuredmedia":[{"embeddable":true,"href":"https:\/\/www.mr-shop.net\/de\/wp-json\/wp\/v2\/media\/9673"}],"wp:attachment":[{"href":"https:\/\/www.mr-shop.net\/de\/wp-json\/wp\/v2\/media?parent=16857"}],"wp:term":[{"taxonomy":"product_brand","embeddable":true,"href":"https:\/\/www.mr-shop.net\/de\/wp-json\/wp\/v2\/product_brand?post=16857"},{"taxonomy":"product_cat","embeddable":true,"href":"https:\/\/www.mr-shop.net\/de\/wp-json\/wp\/v2\/product_cat?post=16857"},{"taxonomy":"product_tag","embeddable":true,"href":"https:\/\/www.mr-shop.net\/de\/wp-json\/wp\/v2\/product_tag?post=16857"}],"curies":[{"name":"wp","href":"https:\/\/api.w.org\/{rel}","templated":true}]}}