{"id":16503,"date":"2026-02-19T17:16:10","date_gmt":"2026-02-19T17:16:10","guid":{"rendered":"https:\/\/www.mr-shop.net\/?post_type=product&#038;p=16503"},"modified":"2026-02-21T17:44:32","modified_gmt":"2026-02-21T17:44:32","slug":"r-b-56","status":"publish","type":"product","link":"https:\/\/www.mr-shop.net\/de\/produkt\/r-b-56\/","title":{"rendered":"RB56"},"content":{"rendered":"<p>Der Duft er\u00f6ffnet mit Noten von Minze und Mandarine; die Herznote besteht aus Pfeffer, Jasmin, Rose, Koriander und Geranie; und die Basisnote aus H\u00f6lzern und Amber.<\/p>\n<div class=\"perfume-accords-wrapper\" style=\"width:100%;margin-top:10px;\">\n<div style=\"width:50%;margin:0 auto;background:#fff;border-radius:8px;overflow:hidden;\">\n<div style=\"width:100%;height:18px;position:relative;\">\n<div style=\"width:100%;height:100%;background:#22C55E;border-radius:12px;\"><\/div>\n<div style=\"position:absolute;inset:0;display:flex;align-items:center;padding:0px 12px 0px 12px;font-size:11px;font-weight:bold;color:#fff;text-shadow:-1px -1px 0 #000,1px -1px 0 #000,-1px 1px 0 #000,1px 1px 0 #000;\">erfrischende Gew\u00fcrze<\/div>\n<\/div>\n<div style=\"width:100%;height:18px;position:relative;\">\n<div style=\"width:93%;height:100%;background:#2FA38C;border-radius:12px;\"><\/div>\n<div style=\"position:absolute;inset:0;display:flex;align-items:center;padding:0px 12px 0px 12px;font-size:11px;font-weight:bold;color:#fff;text-shadow:-1px -1px 0 #000,1px -1px 0 #000,-1px 1px 0 #000,1px 1px 0 #000;\">Aromatisch<\/div>\n<\/div>\n<div style=\"width:100%;height:18px;position:relative;\">\n<div style=\"width:86%;height:100%;background:#65A30D;border-radius:12px;\"><\/div>\n<div style=\"position:absolute;inset:0;display:flex;align-items:center;padding:0px 12px 0px 12px;font-size:11px;font-weight:bold;color:#fff;text-shadow:-1px -1px 0 #000,1px -1px 0 #000,-1px 1px 0 #000,1px 1px 0 #000;\">Kr\u00e4uter-<\/div>\n<\/div>\n<div style=\"width:100%;height:18px;position:relative;\">\n<div style=\"width:79%;height:100%;background:#94A3B8;border-radius:12px;\"><\/div>\n<div style=\"position:absolute;inset:0;display:flex;align-items:center;padding:0px 12px 0px 12px;font-size:11px;font-weight:bold;color:#fff;text-shadow:-1px -1px 0 #000,1px -1px 0 #000,-1px 1px 0 #000,1px 1px 0 #000;\">Rose<\/div>\n<\/div>\n<div style=\"width:100%;height:18px;position:relative;\">\n<div style=\"width:72%;height:100%;background:#F6FF3A;border-radius:12px;\"><\/div>\n<div style=\"position:absolute;inset:0;display:flex;align-items:center;padding:0px 12px 0px 12px;font-size:11px;font-weight:bold;color:#fff;text-shadow:-1px -1px 0 #000,1px -1px 0 #000,-1px 1px 0 #000,1px 1px 0 #000;\">Zitrusfr\u00fcchte<\/div>\n<\/div>\n<div style=\"width:100%;height:18px;position:relative;\">\n<div style=\"width:65%;height:100%;background:#8B5A2B;border-radius:12px;\"><\/div>\n<div style=\"position:absolute;inset:0;display:flex;align-items:center;padding:0px 12px 0px 12px;font-size:11px;font-weight:bold;color:#fff;text-shadow:-1px -1px 0 #000,1px -1px 0 #000,-1px 1px 0 #000,1px 1px 0 #000;\">Holz<\/div>\n<\/div>\n<div style=\"width:100%;height:18px;position:relative;\">\n<div style=\"width:58%;height:100%;background:#F59E0B;border-radius:12px;\"><\/div>\n<div style=\"position:absolute;inset:0;display:flex;align-items:center;padding:0px 12px 0px 12px;font-size:11px;font-weight:bold;color:#fff;text-shadow:-1px -1px 0 #000,1px -1px 0 #000,-1px 1px 0 #000,1px 1px 0 #000;\">Bernstein<\/div>\n<\/div>\n<div style=\"width:100%;height:18px;position:relative;\">\n<div style=\"width:51%;height:100%;background:#FCE7F3;border-radius:12px;\"><\/div>\n<div style=\"position:absolute;inset:0;display:flex;align-items:center;padding:0px 12px 0px 12px;font-size:11px;font-weight:bold;color:#fff;text-shadow:-1px -1px 0 #000,1px -1px 0 #000,-1px 1px 0 #000,1px 1px 0 #000;\">wei\u00dfe Bl\u00fcten<\/div>\n<\/div>\n<div style=\"width:100%;height:18px;position:relative;\">\n<div style=\"width:44%;height:100%;background:#EA580C;border-radius:12px;\"><\/div>\n<div style=\"position:absolute;inset:0;display:flex;align-items:center;padding:0px 12px 0px 12px;font-size:11px;font-weight:bold;color:#fff;text-shadow:-1px -1px 0 #000,1px -1px 0 #000,-1px 1px 0 #000,1px 1px 0 #000;\">warme Jahreszeit<\/div>\n<\/div>\n<div style=\"width:100%;height:18px;position:relative;\">\n<div style=\"width:37%;height:100%;background:#2FA38C;border-radius:12px;\"><\/div>\n<div style=\"position:absolute;inset:0;display:flex;align-items:center;padding:0px 12px 0px 12px;font-size:11px;font-weight:bold;color:#fff;text-shadow:-1px -1px 0 #000,1px -1px 0 #000,-1px 1px 0 #000,1px 1px 0 #000;\">Aromatisch-w\u00fcrziger Duft f\u00fcr M\u00e4nner<\/div>\n<\/div>\n<\/div>\n<\/div>","protected":false},"excerpt":{"rendered":"<p>Der Duft er\u00f6ffnet mit Noten von Minze und Mandarine; die Herznote besteht aus Pfeffer, Jasmin, Rose, Koriander und Geranie; und die Basisnote aus H\u00f6lzern und Amber.<\/p>","protected":false},"featured_media":9687,"comment_status":"open","ping_status":"closed","template":"","meta":[],"product_brand":[],"product_cat":[764],"product_tag":[173,171,229,189,193,177,181,215,257,243],"class_list":{"0":"post-16503","1":"product","2":"type-product","3":"status-publish","4":"has-post-thumbnail","6":"product_cat-764","7":"product_tag-aromatic","8":"product_tag-171","9":"product_tag-229","10":"product_tag-189","11":"product_tag-193","12":"product_tag-177","13":"product_tag-181","14":"product_tag-215","15":"product_tag-257","16":"product_tag-243","18":"first","19":"instock","20":"taxable","21":"shipping-taxable","22":"purchasable","23":"product-type-variable"},"jetpack_sharing_enabled":true,"_links":{"self":[{"href":"https:\/\/www.mr-shop.net\/de\/wp-json\/wp\/v2\/product\/16503","targetHints":{"allow":["GET"]}}],"collection":[{"href":"https:\/\/www.mr-shop.net\/de\/wp-json\/wp\/v2\/product"}],"about":[{"href":"https:\/\/www.mr-shop.net\/de\/wp-json\/wp\/v2\/types\/product"}],"replies":[{"embeddable":true,"href":"https:\/\/www.mr-shop.net\/de\/wp-json\/wp\/v2\/comments?post=16503"}],"wp:featuredmedia":[{"embeddable":true,"href":"https:\/\/www.mr-shop.net\/de\/wp-json\/wp\/v2\/media\/9687"}],"wp:attachment":[{"href":"https:\/\/www.mr-shop.net\/de\/wp-json\/wp\/v2\/media?parent=16503"}],"wp:term":[{"taxonomy":"product_brand","embeddable":true,"href":"https:\/\/www.mr-shop.net\/de\/wp-json\/wp\/v2\/product_brand?post=16503"},{"taxonomy":"product_cat","embeddable":true,"href":"https:\/\/www.mr-shop.net\/de\/wp-json\/wp\/v2\/product_cat?post=16503"},{"taxonomy":"product_tag","embeddable":true,"href":"https:\/\/www.mr-shop.net\/de\/wp-json\/wp\/v2\/product_tag?post=16503"}],"curies":[{"name":"wp","href":"https:\/\/api.w.org\/{rel}","templated":true}]}}