{"id":15996,"date":"2026-02-19T17:13:06","date_gmt":"2026-02-19T17:13:06","guid":{"rendered":"https:\/\/www.mr-shop.net\/?post_type=product&#038;p=15996"},"modified":"2026-02-23T13:10:55","modified_gmt":"2026-02-23T13:10:55","slug":"n-d-300","status":"publish","type":"product","link":"https:\/\/www.mr-shop.net\/de\/produkt\/n-d-300\/","title":{"rendered":"ND300"},"content":{"rendered":"<p>Der Duft er\u00f6ffnet mit Jasmin, Orange, Bergamotte und sizilianischer Mandarine; die Herznote besteht aus Gardenie und Orangenbl\u00fcte; und die Basisnote aus Sandelholz, wei\u00dfem Amber, Zedernholz und wei\u00dfem Moschus.<\/p>\n<div class=\"perfume-accords-wrapper\" style=\"width:100%;margin-top:10px;\">\n<div style=\"width:50%;margin:0 auto;background:#fff;border-radius:8px;overflow:hidden;\">\n<div style=\"width:100%;height:18px;position:relative;\">\n<div style=\"width:100%;height:100%;background:#FF5C8A;border-radius:12px;\"><\/div>\n<div style=\"position:absolute;inset:0;display:flex;align-items:center;padding:0px 12px 0px 12px;font-size:11px;font-weight:bold;color:#fff;text-shadow:-1px -1px 0 #000,1px -1px 0 #000,-1px 1px 0 #000,1px 1px 0 #000;\">wei\u00dfe Bl\u00fcten<\/div>\n<\/div>\n<div style=\"width:100%;height:18px;position:relative;\">\n<div style=\"width:93%;height:100%;background:#F6FF3A;border-radius:12px;\"><\/div>\n<div style=\"position:absolute;inset:0;display:flex;align-items:center;padding:0px 12px 0px 12px;font-size:11px;font-weight:bold;color:#fff;text-shadow:-1px -1px 0 #000,1px -1px 0 #000,-1px 1px 0 #000,1px 1px 0 #000;\">Zitrusfr\u00fcchte<\/div>\n<\/div>\n<div style=\"width:100%;height:18px;position:relative;\">\n<div style=\"width:86%;height:100%;background:#2FA38C;border-radius:12px;\"><\/div>\n<div style=\"position:absolute;inset:0;display:flex;align-items:center;padding:0px 12px 0px 12px;font-size:11px;font-weight:bold;color:#fff;text-shadow:-1px -1px 0 #000,1px -1px 0 #000,-1px 1px 0 #000,1px 1px 0 #000;\">Holz<\/div>\n<\/div>\n<div style=\"width:100%;height:18px;position:relative;\">\n<div style=\"width:79%;height:100%;background:#22C55E;border-radius:12px;\"><\/div>\n<div style=\"position:absolute;inset:0;display:flex;align-items:center;padding:0px 12px 0px 12px;font-size:11px;font-weight:bold;color:#fff;text-shadow:-1px -1px 0 #000,1px -1px 0 #000,-1px 1px 0 #000,1px 1px 0 #000;\">glatt<\/div>\n<\/div>\n<div style=\"width:100%;height:18px;position:relative;\">\n<div style=\"width:72%;height:100%;background:#8B5A2B;border-radius:12px;\"><\/div>\n<div style=\"position:absolute;inset:0;display:flex;align-items:center;padding:0px 12px 0px 12px;font-size:11px;font-weight:bold;color:#fff;text-shadow:-1px -1px 0 #000,1px -1px 0 #000,-1px 1px 0 #000,1px 1px 0 #000;\">Tier<\/div>\n<\/div>\n<\/div>\n<\/div>","protected":false},"excerpt":{"rendered":"<p>Der Duft er\u00f6ffnet mit Jasmin, Orange, Bergamotte und sizilianischer Mandarine; die Herznote besteht aus Gardenie und Orangenbl\u00fcte; und die Basisnote aus Sandelholz, wei\u00dfem Amber, Zedernholz und wei\u00dfem Moschus.<\/p>","protected":false},"featured_media":12044,"comment_status":"open","ping_status":"closed","template":"","meta":[],"product_brand":[],"product_cat":[760],"product_tag":[171,229,207,181,195],"class_list":{"0":"post-15996","1":"product","2":"type-product","3":"status-publish","4":"has-post-thumbnail","6":"product_cat-760","7":"product_tag-171","8":"product_tag-229","9":"product_tag-207","10":"product_tag-181","11":"product_tag-195","13":"first","14":"instock","15":"taxable","16":"shipping-taxable","17":"purchasable","18":"product-type-variable"},"jetpack_sharing_enabled":true,"_links":{"self":[{"href":"https:\/\/www.mr-shop.net\/de\/wp-json\/wp\/v2\/product\/15996","targetHints":{"allow":["GET"]}}],"collection":[{"href":"https:\/\/www.mr-shop.net\/de\/wp-json\/wp\/v2\/product"}],"about":[{"href":"https:\/\/www.mr-shop.net\/de\/wp-json\/wp\/v2\/types\/product"}],"replies":[{"embeddable":true,"href":"https:\/\/www.mr-shop.net\/de\/wp-json\/wp\/v2\/comments?post=15996"}],"wp:featuredmedia":[{"embeddable":true,"href":"https:\/\/www.mr-shop.net\/de\/wp-json\/wp\/v2\/media\/12044"}],"wp:attachment":[{"href":"https:\/\/www.mr-shop.net\/de\/wp-json\/wp\/v2\/media?parent=15996"}],"wp:term":[{"taxonomy":"product_brand","embeddable":true,"href":"https:\/\/www.mr-shop.net\/de\/wp-json\/wp\/v2\/product_brand?post=15996"},{"taxonomy":"product_cat","embeddable":true,"href":"https:\/\/www.mr-shop.net\/de\/wp-json\/wp\/v2\/product_cat?post=15996"},{"taxonomy":"product_tag","embeddable":true,"href":"https:\/\/www.mr-shop.net\/de\/wp-json\/wp\/v2\/product_tag?post=15996"}],"curies":[{"name":"wp","href":"https:\/\/api.w.org\/{rel}","templated":true}]}}