{"id":15935,"date":"2026-02-19T17:12:54","date_gmt":"2026-02-19T17:12:54","guid":{"rendered":"https:\/\/www.mr-shop.net\/?post_type=product&#038;p=15935"},"modified":"2026-02-23T13:10:54","modified_gmt":"2026-02-23T13:10:54","slug":"n-a-07","status":"publish","type":"product","link":"https:\/\/www.mr-shop.net\/de\/produkt\/n-a-07\/","title":{"rendered":"NA07"},"content":{"rendered":"<p>Der Duft er\u00f6ffnet mit afrikanischer Orangenbl\u00fcte; die Herznote besteht aus Jasmin; und die Basisnote aus wei\u00dfem Honig, Patschuli, Rose und Virginia-Zedernholz.<\/p>\n<div class=\"perfume-accords-wrapper\" style=\"width:100%;margin-top:10px;\">\n<div style=\"width:50%;margin:0 auto;background:#fff;border-radius:8px;overflow:hidden;\">\n<div style=\"width:100%;height:18px;position:relative;\">\n<div style=\"width:100%;height:100%;background:#FF5C8A;border-radius:12px;\"><\/div>\n<div style=\"position:absolute;inset:0;display:flex;align-items:center;padding:0px 12px 0px 12px;font-size:11px;font-weight:bold;color:#fff;text-shadow:-1px -1px 0 #000,1px -1px 0 #000,-1px 1px 0 #000,1px 1px 0 #000;\">wei\u00dfe Bl\u00fcten<\/div>\n<\/div>\n<div style=\"width:100%;height:18px;position:relative;\">\n<div style=\"width:93%;height:100%;background:#F6FF3A;border-radius:12px;\"><\/div>\n<div style=\"position:absolute;inset:0;display:flex;align-items:center;padding:0px 12px 0px 12px;font-size:11px;font-weight:bold;color:#fff;text-shadow:-1px -1px 0 #000,1px -1px 0 #000,-1px 1px 0 #000,1px 1px 0 #000;\">Honig<\/div>\n<\/div>\n<div style=\"width:100%;height:18px;position:relative;\">\n<div style=\"width:86%;height:100%;background:#2FA38C;border-radius:12px;\"><\/div>\n<div style=\"position:absolute;inset:0;display:flex;align-items:center;padding:0px 12px 0px 12px;font-size:11px;font-weight:bold;color:#fff;text-shadow:-1px -1px 0 #000,1px -1px 0 #000,-1px 1px 0 #000,1px 1px 0 #000;\">s\u00fc\u00df<\/div>\n<\/div>\n<div style=\"width:100%;height:18px;position:relative;\">\n<div style=\"width:79%;height:100%;background:#22C55E;border-radius:12px;\"><\/div>\n<div style=\"position:absolute;inset:0;display:flex;align-items:center;padding:0px 12px 0px 12px;font-size:11px;font-weight:bold;color:#fff;text-shadow:-1px -1px 0 #000,1px -1px 0 #000,-1px 1px 0 #000,1px 1px 0 #000;\">Holz<\/div>\n<\/div>\n<div style=\"width:100%;height:18px;position:relative;\">\n<div style=\"width:72%;height:100%;background:#8B5A2B;border-radius:12px;\"><\/div>\n<div style=\"position:absolute;inset:0;display:flex;align-items:center;padding:0px 12px 0px 12px;font-size:11px;font-weight:bold;color:#fff;text-shadow:-1px -1px 0 #000,1px -1px 0 #000,-1px 1px 0 #000,1px 1px 0 #000;\">Rosa<\/div>\n<\/div>\n<div style=\"width:100%;height:18px;position:relative;\">\n<div style=\"width:65%;height:100%;background:#FDE047;border-radius:12px;\"><\/div>\n<div style=\"position:absolute;inset:0;display:flex;align-items:center;padding:0px 12px 0px 12px;font-size:11px;font-weight:bold;color:#fff;text-shadow:-1px -1px 0 #000,1px -1px 0 #000,-1px 1px 0 #000,1px 1px 0 #000;\">Zitrusfr\u00fcchte<\/div>\n<\/div>\n<div style=\"width:100%;height:18px;position:relative;\">\n<div style=\"width:58%;height:100%;background:#FB7185;border-radius:12px;\"><\/div>\n<div style=\"position:absolute;inset:0;display:flex;align-items:center;padding:0px 12px 0px 12px;font-size:11px;font-weight:bold;color:#fff;text-shadow:-1px -1px 0 #000,1px -1px 0 #000,-1px 1px 0 #000,1px 1px 0 #000;\">Patchouli<\/div>\n<\/div>\n<\/div>\n<\/div>","protected":false},"excerpt":{"rendered":"<p>Der Duft er\u00f6ffnet mit afrikanischer Orangenbl\u00fcte; die Herznote besteht aus Jasmin; und die Basisnote aus wei\u00dfem Honig, Patschuli, Rose und Virginia-Zedernholz.<\/p>","protected":false},"featured_media":11994,"comment_status":"open","ping_status":"closed","template":"","meta":[],"product_brand":[],"product_cat":[760],"product_tag":[225,171,229,227,187,181,179],"class_list":{"0":"post-15935","1":"product","2":"type-product","3":"status-publish","4":"has-post-thumbnail","6":"product_cat-760","7":"product_tag-225","8":"product_tag-171","9":"product_tag-229","10":"product_tag-227","11":"product_tag-187","12":"product_tag-181","13":"product_tag-179","15":"first","16":"instock","17":"taxable","18":"shipping-taxable","19":"purchasable","20":"product-type-variable"},"jetpack_sharing_enabled":true,"_links":{"self":[{"href":"https:\/\/www.mr-shop.net\/de\/wp-json\/wp\/v2\/product\/15935","targetHints":{"allow":["GET"]}}],"collection":[{"href":"https:\/\/www.mr-shop.net\/de\/wp-json\/wp\/v2\/product"}],"about":[{"href":"https:\/\/www.mr-shop.net\/de\/wp-json\/wp\/v2\/types\/product"}],"replies":[{"embeddable":true,"href":"https:\/\/www.mr-shop.net\/de\/wp-json\/wp\/v2\/comments?post=15935"}],"wp:featuredmedia":[{"embeddable":true,"href":"https:\/\/www.mr-shop.net\/de\/wp-json\/wp\/v2\/media\/11994"}],"wp:attachment":[{"href":"https:\/\/www.mr-shop.net\/de\/wp-json\/wp\/v2\/media?parent=15935"}],"wp:term":[{"taxonomy":"product_brand","embeddable":true,"href":"https:\/\/www.mr-shop.net\/de\/wp-json\/wp\/v2\/product_brand?post=15935"},{"taxonomy":"product_cat","embeddable":true,"href":"https:\/\/www.mr-shop.net\/de\/wp-json\/wp\/v2\/product_cat?post=15935"},{"taxonomy":"product_tag","embeddable":true,"href":"https:\/\/www.mr-shop.net\/de\/wp-json\/wp\/v2\/product_tag?post=15935"}],"curies":[{"name":"wp","href":"https:\/\/api.w.org\/{rel}","templated":true}]}}